{"id":1627,"date":"2025-06-18T12:01:06","date_gmt":"2025-06-18T09:01:06","guid":{"rendered":"https:\/\/svnautotrading.ro\/?post_type=product&#038;p=1627"},"modified":"2025-12-04T14:19:49","modified_gmt":"2025-12-04T11:19:49","slug":"ford-ka-1-3-benzina","status":"publish","type":"product","link":"https:\/\/svnautotrading.ro\/?product=ford-ka-1-3-benzina","title":{"rendered":"Ford Ka 1.3 benzina"},"content":{"rendered":"<p class=\"p1\"><span class=\"s1\">\ud83e\udd1d<\/span><span class=\"s2\">Op\u021biune de finan\u021bare prin partenerul nostru TBI Bank, rate fixe cu posibilitatea de plat\u0103 \u00een avans \u00eenc\u0103 din prima lun\u0103. Se accept\u0103 venituri din diurne, venituri din str\u0103in\u0103tate, PFA, contracte de \u00eenchiriere, maternitate, dividende. Aprobare rapid\u0103 doar cu buletinul!<\/span><\/p>\n<p class=\"p1\"><span class=\"s1\">\u2705<\/span><span class=\"s2\"> Posibilitate de Finantare prin Leasing sau Credit auto (persoana fizica sau PFA, persoana Juridica)<\/span><\/p>\n<p class=\"p1\"><span class=\"s1\">\u2705<\/span><span class=\"s2\"> Oferim revizie GRATUIT\u0102 de ulei \u0219i toate filtrele la predarea ma\u0219inii! <\/span><\/p>\n<p class=\"p1\"><span class=\"s1\">\u2705<\/span><span class=\"s2\"> Oferim FINAN\u021aARE online rapid\u0103 \u00een c\u00e2teva minute!<\/span><\/p>\n<p class=\"p1\"><span class=\"s1\">\u2705<\/span><span class=\"s2\"> Kilometraj Garantat juridic prin factura+certificat de garantie<\/span><\/p>\n<p class=\"p1\"><span class=\"s1\">\ud83d\udccc<\/span><span class=\"s2\">Pentru mai multe informa\u021bii despre ma\u0219in\u0103 nu ezita\u021bi s\u0103 ne contacta\u021bi.<\/span><\/p>\n<p class=\"p1\"><span class=\"s1\">\u260e\ufe0f<\/span><span class=\"s2\"> 0752 202 040<\/span><\/p>\n<p class=\"p1\"><span class=\"s1\">\ud83d\udccd<\/span><span class=\"s2\"> str. E576, nr.29A, loc. Nima, jud. Cluj<\/span><\/p>\n<p class=\"p1\"><span class=\"s1\">\ud83d\udc49<\/span><span class=\"s2\">Te a\u0219tept\u0103m zilnic \u00eentre orele <\/span><span class=\"s1\">\u23f1<\/span><span class=\"s2\"> 09:00 &#8211; 17:00<\/span><\/p>\n","protected":false},"excerpt":{"rendered":"<p class=\"p1\"><span class=\"s1\">\u2757\ufe0f\u2757\ufe0f<\/span><span class=\"s2\"> De V\u00e2nzare Ford Ka 1.3 benzin\u0103 2009 <\/span><span class=\"s1\">\ud83d\udcb0<\/span><span class=\"s2\">Pre\u021b: 2850\u20ac\/14.327 lei ( TVA inclus \u00een pre\u021b) <\/span><\/p>\n<p class=\"p1\"><span class=\"s1\">\u203c\ufe0f<\/span><span class=\"s2\"> 220.000 km<\/span><span class=\"s1\">\u203c\ufe0f<\/span><span class=\"s2\"> reali verificabili \/ trecu\u021bi pe factur\u0103 <\/span><\/p>\n<p class=\"p1\"><span class=\"s1\">\ud83d\udcc5<\/span><span class=\"s2\">An: 2009 \/1300 cmc \/ 75cp<\/span><\/p>\n<p class=\"p1\"><span class=\"s1\">\ud83d\udd1d<\/span><span class=\"s2\"> garan\u021bie 12 luni motor+cutie <\/span><\/p>\n<p class=\"p1\"><span class=\"s1\">\ud83d\udd1d<\/span><span class=\"s2\"><span class=\"Apple-converted-space\">\u00a0 <\/span>radio\/cd\/aux\/bluetooth \/ esp\/abs \/ Aer condi\u021bionat <\/span><\/p>\n<p class=\"p1\"><span class=\"s1\">\u260e\ufe0f<\/span><span class=\"s2\">Mai multe detalii la telefon <\/span><\/p>\n<p class=\"p1\"><span class=\"s1\">\u2b07\ufe0f<\/span><span class=\"s2\">WF0UXXLTRU9R62671 verifica seria<span class=\"Apple-converted-space\">\u00a0 <\/span>\u0219i folose\u0219te codul SVNAUTOTRADING pentru 20% reducere pe carvertical <\/span><span class=\"s1\">\ud83d\udd1d<\/span><\/p>\n","protected":false},"featured_media":1628,"comment_status":"open","ping_status":"closed","template":"","meta":{"content-type":""},"product_brand":[33],"product_cat":[19],"product_tag":[],"class_list":{"0":"post-1627","1":"product","2":"type-product","3":"status-publish","4":"has-post-thumbnail","6":"product_brand-ford","7":"product_cat-magazin","9":"first","10":"outofstock","11":"shipping-taxable","12":"purchasable","13":"product-type-simple"},"_links":{"self":[{"href":"https:\/\/svnautotrading.ro\/index.php?rest_route=\/wp\/v2\/product\/1627","targetHints":{"allow":["GET"]}}],"collection":[{"href":"https:\/\/svnautotrading.ro\/index.php?rest_route=\/wp\/v2\/product"}],"about":[{"href":"https:\/\/svnautotrading.ro\/index.php?rest_route=\/wp\/v2\/types\/product"}],"replies":[{"embeddable":true,"href":"https:\/\/svnautotrading.ro\/index.php?rest_route=%2Fwp%2Fv2%2Fcomments&post=1627"}],"wp:featuredmedia":[{"embeddable":true,"href":"https:\/\/svnautotrading.ro\/index.php?rest_route=\/wp\/v2\/media\/1628"}],"wp:attachment":[{"href":"https:\/\/svnautotrading.ro\/index.php?rest_route=%2Fwp%2Fv2%2Fmedia&parent=1627"}],"wp:term":[{"taxonomy":"product_brand","embeddable":true,"href":"https:\/\/svnautotrading.ro\/index.php?rest_route=%2Fwp%2Fv2%2Fproduct_brand&post=1627"},{"taxonomy":"product_cat","embeddable":true,"href":"https:\/\/svnautotrading.ro\/index.php?rest_route=%2Fwp%2Fv2%2Fproduct_cat&post=1627"},{"taxonomy":"product_tag","embeddable":true,"href":"https:\/\/svnautotrading.ro\/index.php?rest_route=%2Fwp%2Fv2%2Fproduct_tag&post=1627"}],"curies":[{"name":"wp","href":"https:\/\/api.w.org\/{rel}","templated":true}]}}