{"id":1672,"date":"2025-10-08T19:26:29","date_gmt":"2025-10-08T16:26:29","guid":{"rendered":"https:\/\/svnautotrading.ro\/?post_type=product&#038;p=1672"},"modified":"2025-12-04T14:19:49","modified_gmt":"2025-12-04T11:19:49","slug":"mercedes-e-class-2-2d-2011-euro-5","status":"publish","type":"product","link":"https:\/\/svnautotrading.ro\/?product=mercedes-e-class-2-2d-2011-euro-5","title":{"rendered":"Mercedes E-class  2.2d  2011 euro 5"},"content":{"rendered":"<p>\u2b07\ufe0f verifica seria \u0219i folose\u0219te codul SVNAUTOTRADING pentru 20% reducere pe carvertical \ud83d\udd1d<br \/>\n\ud83e\udd1dOp\u021biune de finan\u021bare prin partenerii no\u0219tri Banca Transilvania ( BTdirect) , TBI Bank, Mogo rate fixe cu posibilitatea de plat\u0103 \u00een avans \u00eenc\u0103 din prima lun\u0103. Se accept\u0103 venituri din diurne, venituri din str\u0103in\u0103tate, PFA, contracte de \u00eenchiriere, maternitate, dividende. Aprobare rapid\u0103 doar cu buletinul!<br \/>\n\u2705 Posibilitate de Finantare prin Leasing sau Credit auto (persoana fizica sau PFA, persoana Juridica)<br \/>\n\u2705 Oferim revizie GRATUIT\u0102 de ulei \u0219i toate filtrele la predarea ma\u0219inii!<br \/>\n\u2705 Oferim FINAN\u021aARE online rapid\u0103 \u00een c\u00e2teva minute!<br \/>\n\u2705 Kilometraj Garantat juridic prin factura+certificat de garantie<br \/>\n\ud83d\udcccPentru mai multe informa\u021bii despre ma\u0219in\u0103 nu ezita\u021bi s\u0103 ne contacta\u021bi.<br \/>\n\u260e\ufe0f 0752 202 040<br \/>\n\ud83d\udccd str. E576, nr.29A, loc. Nima, jud. Cluj<br \/>\n\ud83d\udc49Te a\u0219tept\u0103m zilnic \u00eentre orele \u23f1 09:00 &#8211; 17:00<\/p>\n","protected":false},"excerpt":{"rendered":"<p>De V\u00e2nzare Mercedes E-class 2011<br \/>\n\ud83d\udcb0Pre\u021b: 8750\u20ac\/44.588 lei ( TVA inclus \u00een pre\u021b)<br \/>\n\u203c\ufe0f 312.000 km\u203c\ufe0f reali verificabili \/ trecu\u021bi pe factur\u0103<br \/>\n\ud83d\udcc5An: 2011\/ 2200 cmc \/euro 5<br \/>\n\ud83d\udd1d garan\u021bie 12 luni motor+cutie<br \/>\n\ud83d\udd1d naviga\u021bie \/cd\/aux\/bluetooth \/ esp\/abs \/ \u00eenc\u0103lzire \u00een scaune \/ lane\/side asist \/ faruri xenon<br \/>\n\u260e\ufe0fMai multe detalii la telefon<\/p>\n","protected":false},"featured_media":1675,"comment_status":"open","ping_status":"closed","template":"","meta":{"content-type":""},"product_brand":[30],"product_cat":[19],"product_tag":[],"class_list":{"0":"post-1672","1":"product","2":"type-product","3":"status-publish","4":"has-post-thumbnail","6":"product_brand-mercedes-benz","7":"product_cat-magazin","9":"first","10":"outofstock","11":"shipping-taxable","12":"purchasable","13":"product-type-simple"},"_links":{"self":[{"href":"https:\/\/svnautotrading.ro\/index.php?rest_route=\/wp\/v2\/product\/1672","targetHints":{"allow":["GET"]}}],"collection":[{"href":"https:\/\/svnautotrading.ro\/index.php?rest_route=\/wp\/v2\/product"}],"about":[{"href":"https:\/\/svnautotrading.ro\/index.php?rest_route=\/wp\/v2\/types\/product"}],"replies":[{"embeddable":true,"href":"https:\/\/svnautotrading.ro\/index.php?rest_route=%2Fwp%2Fv2%2Fcomments&post=1672"}],"wp:featuredmedia":[{"embeddable":true,"href":"https:\/\/svnautotrading.ro\/index.php?rest_route=\/wp\/v2\/media\/1675"}],"wp:attachment":[{"href":"https:\/\/svnautotrading.ro\/index.php?rest_route=%2Fwp%2Fv2%2Fmedia&parent=1672"}],"wp:term":[{"taxonomy":"product_brand","embeddable":true,"href":"https:\/\/svnautotrading.ro\/index.php?rest_route=%2Fwp%2Fv2%2Fproduct_brand&post=1672"},{"taxonomy":"product_cat","embeddable":true,"href":"https:\/\/svnautotrading.ro\/index.php?rest_route=%2Fwp%2Fv2%2Fproduct_cat&post=1672"},{"taxonomy":"product_tag","embeddable":true,"href":"https:\/\/svnautotrading.ro\/index.php?rest_route=%2Fwp%2Fv2%2Fproduct_tag&post=1672"}],"curies":[{"name":"wp","href":"https:\/\/api.w.org\/{rel}","templated":true}]}}