{"id":1835,"date":"2025-10-30T05:17:04","date_gmt":"2025-10-30T02:17:04","guid":{"rendered":"https:\/\/svnautotrading.ro\/?post_type=product&#038;p=1835"},"modified":"2025-12-04T14:19:48","modified_gmt":"2025-12-04T11:19:48","slug":"peugeot-207-1-4-benzina-2011","status":"publish","type":"product","link":"https:\/\/svnautotrading.ro\/?product=peugeot-207-1-4-benzina-2011","title":{"rendered":"Peugeot 207 1.4 benzin\u0103 2011"},"content":{"rendered":"<p class=\"p1\"><span class=\"s1\">\ud83e\udd1dOp\u021biune de finan\u021bare prin partenerii no\u0219tri Banca Transilvania ( BTdirect) , TBI Bank, Mogo rate fixe cu posibilitatea de plat\u0103 \u00een avans \u00eenc\u0103 din prima lun\u0103. Se accept\u0103 venituri din diurne, venituri din str\u0103in\u0103tate, PFA, contracte de \u00eenchiriere, maternitate, dividende. Aprobare rapid\u0103 doar cu buletinul!<\/span><\/p>\n<p class=\"p1\"><span class=\"s1\">\u2705 Posibilitate de Finantare prin Leasing sau Credit auto (persoana fizica sau PFA, persoana Juridica)<\/span><\/p>\n<p class=\"p1\"><span class=\"s1\">\u2705 Oferim revizie GRATUIT\u0102 de ulei \u0219i toate filtrele la predarea ma\u0219inii! <\/span><\/p>\n<p class=\"p1\"><span class=\"s1\">\u2705 Oferim FINAN\u021aARE online rapid\u0103 \u00een c\u00e2teva minute!<\/span><\/p>\n<p class=\"p1\"><span class=\"s1\">\u2705 Kilometraj Garantat juridic prin factura+certificat de garantie<\/span><\/p>\n<p class=\"p1\"><span class=\"s1\">\ud83d\udcccPentru mai multe informa\u021bii despre ma\u0219in\u0103 nu ezita\u021bi s\u0103 ne contacta\u021bi.<\/span><\/p>\n<p class=\"p1\"><span class=\"s1\">\u260e\ufe0f 0752 202 040<\/span><\/p>\n<p class=\"p1\"><span class=\"s1\"> \ud83d\udccd str. E576, nr.29A, loc. Nima, jud. Cluj<\/span><\/p>\n<p class=\"p1\"><span class=\"s1\">\ud83d\udc49Te a\u0219tept\u0103m zilnic \u00eentre orele \u23f1 09:00 &#8211; 17:00<\/span><\/p>\n","protected":false},"excerpt":{"rendered":"<p class=\"p1\"><span class=\"s1\">\u2757\ufe0f\u2757\ufe0f De V\u00e2nzare Peugeot 207 2011<\/span><\/p>\n<p class=\"p1\"><span class=\"s1\"><span class=\"Apple-converted-space\">\u00a0 \u00a0 <\/span>\ud83d\udcb0Pre\u021b: 2950 \u20ac \/14.950lei ( TVA inclus \u00een pre\u021b) <\/span><\/p>\n<p class=\"p1\"><span class=\"s1\">\u203c\ufe0f 170.114 km\u203c\ufe0f reali verificabili \/ trecu\u021bi pe factur\u0103 <\/span><\/p>\n<p class=\"p1\"><span class=\"s1\">\ud83d\udcc5An: 2011 \/1400cmc \/euro 4\/ benzina <\/span><\/p>\n<p class=\"p1\"><span class=\"s1\">\ud83d\udd1d garan\u021bie 12 luni motor+cutie <\/span><\/p>\n<p class=\"p1\"><span class=\"s1\">\ud83d\udd1d<span class=\"Apple-converted-space\">\u00a0 <\/span>cd\/aux\/bluetooth \/ esp\/abs \/ pilot automat\/AC \/ anvelope noi iarna <\/span><\/p>\n<p class=\"p1\"><span class=\"s1\">\u260e\ufe0fMai multe detalii la telefon <\/span><\/p>\n<p class=\"p1\"><span class=\"s1\">\u2b07\ufe0f<span class=\"Apple-converted-space\">\u00a0 <\/span>verifica seria<span class=\"Apple-converted-space\">\u00a0 <\/span>\u0219i folose\u0219te codul SVNAUTOTRADING pentru 20% reducere pe carvertical \ud83d\udd1d<\/span><\/p>\n","protected":false},"featured_media":1836,"comment_status":"open","ping_status":"closed","template":"","meta":{"content-type":""},"product_brand":[26],"product_cat":[19],"product_tag":[],"class_list":{"0":"post-1835","1":"product","2":"type-product","3":"status-publish","4":"has-post-thumbnail","6":"product_brand-peugeot","7":"product_cat-magazin","9":"first","10":"outofstock","11":"shipping-taxable","12":"purchasable","13":"product-type-simple"},"_links":{"self":[{"href":"https:\/\/svnautotrading.ro\/index.php?rest_route=\/wp\/v2\/product\/1835","targetHints":{"allow":["GET"]}}],"collection":[{"href":"https:\/\/svnautotrading.ro\/index.php?rest_route=\/wp\/v2\/product"}],"about":[{"href":"https:\/\/svnautotrading.ro\/index.php?rest_route=\/wp\/v2\/types\/product"}],"replies":[{"embeddable":true,"href":"https:\/\/svnautotrading.ro\/index.php?rest_route=%2Fwp%2Fv2%2Fcomments&post=1835"}],"wp:featuredmedia":[{"embeddable":true,"href":"https:\/\/svnautotrading.ro\/index.php?rest_route=\/wp\/v2\/media\/1836"}],"wp:attachment":[{"href":"https:\/\/svnautotrading.ro\/index.php?rest_route=%2Fwp%2Fv2%2Fmedia&parent=1835"}],"wp:term":[{"taxonomy":"product_brand","embeddable":true,"href":"https:\/\/svnautotrading.ro\/index.php?rest_route=%2Fwp%2Fv2%2Fproduct_brand&post=1835"},{"taxonomy":"product_cat","embeddable":true,"href":"https:\/\/svnautotrading.ro\/index.php?rest_route=%2Fwp%2Fv2%2Fproduct_cat&post=1835"},{"taxonomy":"product_tag","embeddable":true,"href":"https:\/\/svnautotrading.ro\/index.php?rest_route=%2Fwp%2Fv2%2Fproduct_tag&post=1835"}],"curies":[{"name":"wp","href":"https:\/\/api.w.org\/{rel}","templated":true}]}}